{"id":2,"date":"2009-10-19T13:27:02","date_gmt":"2009-10-19T11:27:02","guid":{"rendered":"http:\/\/blog.vdch.de\/?page_id=2"},"modified":"2015-10-29T01:39:46","modified_gmt":"2015-10-29T00:39:46","slug":"redaktionskodex","status":"publish","type":"page","link":"https:\/\/www.achteminute.de\/en\/die-achte-minute\/redaktionskodex\/","title":{"rendered":"Codex"},"content":{"rendered":"<p>Die Achte Minute ist als das Magazin der deutschen und deutschsprachigen Debattierszene mit mehr als einhunderttausend Leserinnen und Lesern ein wesentliches Kommunikationsmedium ihres Herausgebers, des Verbandes der Debattierclubs an Hochschulen e.V. (VDCH). Sie stellt die Lebendigkeit und Vitalit\u00e4t der deutschen und deutschsprachigen Debattierszene vor, informiert und berichtet \u00fcber f\u00fcr die Leserschaft relevante Ereignisse.<\/p>\n<p>Als ehrenamtliches Projekt lebt sie von der Mitarbeit vieler. Die Redaktion baut auf die Hilfe der Debattierclubs vor Ort und ist darauf angewiesen, von vielen Autorinnen und Autoren Informationen und Artikel \u00fcber Personen (etwa Wahlen, Auszeichnungen), Aktionen und Veranstaltungen (wie Showdebatten, Seminare, Turniere) zu erhalten. Gerade die Mitarbeit Vieler garantiert eine breite und interessante Berichterstattung \u2013 Artikel, Informationen und auch Bilder k\u00f6nnen direkt per Mail an <a href=\"javascript:DeCryptX('0a2e1i0t2g0m2k2p3x0t3h1A2x0d2e1i202f3h')\">achteminute [at] vdch [dot] de<\/a> geschickt werden. Eingesandte Informationen werden als Meldungen oder Namensartikel ver\u00f6ffentlicht.<\/p>\n<p>Die Redaktion recherchiert, sammelt Informationen und pr\u00e4sentiert diese in journalistisch anspruchsvoller Form im Magazin. Sie redigiert und korrigiert (insbesondere orthographisch und stilistisch). Namensartikel m\u00fcssen nicht die Auffassung der Redaktion oder des Herausgebers widerspiegeln. Die Achte Minute wird sorgf\u00e4ltig gepflegt, ist neutral, unabh\u00e4ngig und \u00fcberparteilich. Eine Gew\u00e4hr f\u00fcr Richtigkeit, Aktualit\u00e4t, Genauigkeit oder dauerhafte Verf\u00fcgbarkeit der bereit gestellten Informationen kann jedoch nicht \u00fcbernommen werden, die Schnelligkeit des Mediums Internet macht dies mitunter schwer.<\/p>\n<p>Hinweise, Verbesserungsvorschl\u00e4ge oder Richtigstellungen sind jederzeit willkommen!<br \/><a name=\"kommentare\"><\/a><\/p>\n<h3>Kommentare<\/h3>\n<p>Die Achte Minute bietet den Lesern die M\u00f6glichkeit, eigene Leserkommentare zu ver\u00f6ffentlichen. Voraussetzung f\u00fcr eine Ver\u00f6ffentlichung ist, dass die Verfasser und Verfasserinnen ihren wirklichen Namen nennen, das hei\u00dft, in der daf\u00fcr vorgesehenen Maske den korrekten Vor- und Nachnamen eingetragen haben. Die ebenso anzugebende E-Mail-Adresse muss g\u00fcltig sein, wird jedoch nicht ver\u00f6ffentlicht. Sie dient der R\u00fccksprache.<\/p>\n<p>Ver\u00f6ffentlicht bleiben nur Beitr\u00e4ge, die auf den jeweiligen Artikel und sein Thema seri\u00f6s und sachbezogen eingehen. Links- und rechts- oder sonstwie radikale, pornographische, rassistische, beleidigende, verleumderische sowie ruf- und gesch\u00e4ftssch\u00e4digende Inhalte werden durch die Redaktion unverz\u00fcglich gel\u00f6scht. Auch beh\u00e4lt sich die Redaktion das vor\u00fcbergehende oder komplette Abschalten der Kommentarfunktion vor, wenn Verst\u00f6\u00dfe gegen diese Regeln \u00fcberhandnehmen. Die Kommentare werden in der Regel automatisch nach Absenden freigeschaltet.<\/p>\n<p>An dieser Stelle weisen wir ausdr\u00fccklich darauf hin, dass die gesamten Seiten der Achten Minute von verschiedenen Suchmaschinen intensiv ausgewertet werden und die Inhalte dort auch gelistet werden. Das schlie\u00dft die Leserkommentare automatisch ein, so dass diese auch \u00fcber die Achte Minute hinaus im Internet jederzeit recherchierbar sind.<\/p><\/p>\n","protected":false},"excerpt":{"rendered":"<p>Die Achte Minute ist als das Magazin der deutschen und deutschsprachigen Debattierszene mit mehr als einhunderttausend Leserinnen und Lesern ein wesentliches Kommunikationsmedium ihres Herausgebers, des Verbandes der Debattierclubs an Hochschulen e.V. (VDCH). Sie stellt die Lebendigkeit und Vitalit\u00e4t der deutschen &#8230;<\/p>\n","protected":false},"author":1,"featured_media":0,"parent":633,"menu_order":2,"comment_status":"closed","ping_status":"closed","template":"","meta":{"footnotes":""},"class_list":["post-2","page","type-page","status-publish","hentry"],"_links":{"self":[{"href":"https:\/\/www.achteminute.de\/en\/wp-json\/wp\/v2\/pages\/2","targetHints":{"allow":["GET"]}}],"collection":[{"href":"https:\/\/www.achteminute.de\/en\/wp-json\/wp\/v2\/pages"}],"about":[{"href":"https:\/\/www.achteminute.de\/en\/wp-json\/wp\/v2\/types\/page"}],"author":[{"embeddable":true,"href":"https:\/\/www.achteminute.de\/en\/wp-json\/wp\/v2\/users\/1"}],"replies":[{"embeddable":true,"href":"https:\/\/www.achteminute.de\/en\/wp-json\/wp\/v2\/comments?post=2"}],"version-history":[{"count":56,"href":"https:\/\/www.achteminute.de\/en\/wp-json\/wp\/v2\/pages\/2\/revisions"}],"predecessor-version":[{"id":27655,"href":"https:\/\/www.achteminute.de\/en\/wp-json\/wp\/v2\/pages\/2\/revisions\/27655"}],"up":[{"embeddable":true,"href":"https:\/\/www.achteminute.de\/en\/wp-json\/wp\/v2\/pages\/633"}],"wp:attachment":[{"href":"https:\/\/www.achteminute.de\/en\/wp-json\/wp\/v2\/media?parent=2"}],"curies":[{"name":"wp","href":"https:\/\/api.w.org\/{rel}","templated":true}]}}